{"id":22181,"date":"2025-02-28T16:17:15","date_gmt":"2025-02-28T15:17:15","guid":{"rendered":"https:\/\/www.orbit.cz\/?page_id=22181"},"modified":"2025-02-28T16:19:45","modified_gmt":"2025-02-28T15:19:45","slug":"registrace-na-aws-v-praxi-od-rizeni-nakladu-po-nasazeni-aplikace-webinare-a-workshop","status":"publish","type":"page","link":"http:\/\/4.184.192.234\/en\/registrace-na-aws-v-praxi-od-rizeni-nakladu-po-nasazeni-aplikace-webinare-a-workshop\/","title":{"rendered":"REGISTRATION on AWS in practice: From cost management to application deployment - webinars and workshop\u00a0"},"content":{"rendered":"<style>.kb-row-layout-id22181_ea359c-a2 > .kt-row-column-wrap{align-content:start;}:where(.kb-row-layout-id22181_ea359c-a2 > .kt-row-column-wrap) > .wp-block-kadence-column{justify-content:start;}.kb-row-layout-id22181_ea359c-a2 > .kt-row-column-wrap{column-gap:var(--global-kb-gap-md, 2rem);row-gap:var(--global-kb-gap-md, 2rem);max-width:var( --global-content-width, 1290px );padding-left:var(--global-content-edge-padding);padding-right:var(--global-content-edge-padding);padding-top:var(--global-kb-spacing-sm, 1.5rem);padding-bottom:var(--global-kb-spacing-sm, 1.5rem);grid-template-columns:minmax(0, 1fr);}.kb-row-layout-id22181_ea359c-a2 > .kt-row-layout-overlay{opacity:0.30;}@media all and (max-width: 1024px){.kb-row-layout-id22181_ea359c-a2 > .kt-row-column-wrap{grid-template-columns:minmax(0, 1fr);}}@media all and (max-width: 767px){.kb-row-layout-id22181_ea359c-a2 > .kt-row-column-wrap{grid-template-columns:minmax(0, 1fr);}}<\/style><div class=\"kb-row-layout-wrap kb-row-layout-id22181_ea359c-a2 alignnone wp-block-kadence-rowlayout\"><div class=\"kt-row-column-wrap kt-has-1-columns kt-row-layout-equal kt-tab-layout-inherit kt-mobile-layout-row kt-row-valign-top kb-theme-content-width\">\n<style>.kadence-column22181_a18614-01 > .kt-inside-inner-col,.kadence-column22181_a18614-01 > .kt-inside-inner-col:before{border-top-left-radius:0px;border-top-right-radius:0px;border-bottom-right-radius:0px;border-bottom-left-radius:0px;}.kadence-column22181_a18614-01 > .kt-inside-inner-col{column-gap:var(--global-kb-gap-sm, 1rem);}.kadence-column22181_a18614-01 > .kt-inside-inner-col{flex-direction:column;}.kadence-column22181_a18614-01 > .kt-inside-inner-col > .aligncenter{width:100%;}.kadence-column22181_a18614-01 > .kt-inside-inner-col:before{opacity:0.3;}.kadence-column22181_a18614-01{position:relative;}@media all and (max-width: 1024px){.kadence-column22181_a18614-01 > .kt-inside-inner-col{flex-direction:column;justify-content:center;}}@media all and (max-width: 767px){.kadence-column22181_a18614-01 > .kt-inside-inner-col{flex-direction:column;justify-content:center;}}<\/style>\n<div class=\"wp-block-kadence-column kadence-column22181_a18614-01\"><div class=\"kt-inside-inner-col\">\n<iframe loading=\"lazy\" width=\"100%\" height=\"4200px\" data-src=\"https:\/\/forms.office.com\/Pages\/ResponsePage.aspx?id=PCRilh-7XUaP4vgHrCfc_aZrPk_uCbZOhA4-ePph0KNUOVI1SjZPVDBDWloyMzE0RDNDUDRQRDgxNi4u\" frameborder=\"0\" marginwidth=\"0\" marginheight=\"0\" style=\"border: none; max-width:100%; max-height:100vh\" allowfullscreen=\"\" webkitallowfullscreen=\"\" mozallowfullscreen=\"\" msallowfullscreen=\"\" src=\"https:\/\/forms.office.com\/Pages\/ResponsePage.aspx?id=PCRilh-7XUaP4vgHrCfc_aZrPk_uCbZOhA4-ePph0KNUOVI1SjZPVDBDWloyMzE0RDNDUDRQRDgxNi4u\" class=\"lazyloaded\" data-load-mode=\"1\"> <\/iframe>\n<\/div><\/div>\n\n<\/div><\/div>","protected":false},"excerpt":{"rendered":"","protected":false},"author":8,"featured_media":22182,"parent":0,"menu_order":0,"comment_status":"closed","ping_status":"closed","template":"","meta":{"_acf_changed":false,"_kad_blocks_custom_css":"","_kad_blocks_head_custom_js":"","_kad_blocks_body_custom_js":"","_kad_blocks_footer_custom_js":"","_kad_post_transparent":"","_kad_post_title":"","_kad_post_layout":"","_kad_post_sidebar_id":"","_kad_post_content_style":"","_kad_post_vertical_padding":"","_kad_post_feature":"","_kad_post_feature_position":"","_kad_post_header":false,"_kad_post_footer":false,"_kad_post_classname":"","footnotes":""},"klic_citace":[],"class_list":["post-22181","page","type-page","status-publish","has-post-thumbnail","hentry"],"acf":[],"yoast_head":"<!-- This site is optimized with the Yoast SEO plugin v27.4 - https:\/\/yoast.com\/product\/yoast-seo-wordpress\/ -->\n<title>REGISTRACE na\u00a0AWS v\u00a0praxi: Od \u0159\u00edzen\u00ed n\u00e1klad\u016f po nasazen\u00ed aplikace \u2013 webin\u00e1\u0159e a workshop\u00a0 - ORBIT | create IT your own way<\/title>\n<meta name=\"description\" content=\"Pracujete s Amazon Web Services (AWS) ka\u017ed\u00fd den? Nebo teprve objevujete jeho mo\u017enosti? A\u0165 u\u017e jste na jak\u00e9koli \u00farovni, na\u0161e online webin\u00e1\u0159e a praktick\u00fd workshop v\u00e1m p\u0159inesou re\u00e1ln\u00e9 tipy a n\u00e1vody, jak AWS vyu\u017e\u00edt efektivn\u011b a naplno.\" \/>\n<meta name=\"robots\" content=\"index, follow, max-snippet:-1, max-image-preview:large, max-video-preview:-1\" \/>\n<link rel=\"canonical\" href=\"http:\/\/4.184.192.234\/en\/registrace-na-aws-v-praxi-od-rizeni-nakladu-po-nasazeni-aplikace-webinare-a-workshop\/\" \/>\n<meta property=\"og:locale\" content=\"en_GB\" \/>\n<meta property=\"og:type\" content=\"article\" \/>\n<meta property=\"og:title\" content=\"REGISTRACE na\u00a0AWS v\u00a0praxi: Od \u0159\u00edzen\u00ed n\u00e1klad\u016f po nasazen\u00ed aplikace \u2013 webin\u00e1\u0159e a workshop\" \/>\n<meta property=\"og:description\" content=\"Pracujete s Amazon Web Services (AWS) ka\u017ed\u00fd den? Nebo teprve objevujete jeho mo\u017enosti? A\u0165 u\u017e jste na jak\u00e9koli \u00farovni, na\u0161e online webin\u00e1\u0159e a praktick\u00fd workshop v\u00e1m p\u0159inesou re\u00e1ln\u00e9 tipy a n\u00e1vody, jak AWS vyu\u017e\u00edt efektivn\u011b a naplno.\" \/>\n<meta property=\"og:url\" content=\"http:\/\/4.184.192.234\/en\/registrace-na-aws-v-praxi-od-rizeni-nakladu-po-nasazeni-aplikace-webinare-a-workshop\/\" \/>\n<meta property=\"og:site_name\" content=\"ORBIT | create IT your own way\" \/>\n<meta property=\"article:modified_time\" content=\"2025-02-28T15:19:45+00:00\" \/>\n<meta property=\"og:image\" content=\"http:\/\/4.184.192.234\/wp-content\/uploads\/2025\/02\/AWS-webinare-2025.png\" \/>\n\t<meta property=\"og:image:width\" content=\"1200\" \/>\n\t<meta property=\"og:image:height\" content=\"628\" \/>\n\t<meta property=\"og:image:type\" content=\"image\/png\" \/>\n<meta name=\"twitter:card\" content=\"summary_large_image\" \/>\n<meta name=\"twitter:title\" content=\"REGISTRACE na\u00a0AWS v\u00a0praxi: Od \u0159\u00edzen\u00ed n\u00e1klad\u016f po nasazen\u00ed aplikace \u2013 webin\u00e1\u0159e a workshop\" \/>\n<meta name=\"twitter:image\" content=\"http:\/\/4.184.192.234\/wp-content\/uploads\/2025\/02\/AWS-webinare-2025.png\" \/>\n<meta name=\"twitter:label1\" content=\"Estimated reading time\" \/>\n\t<meta name=\"twitter:data1\" content=\"1 minute\" \/>\n<script type=\"application\/ld+json\" class=\"yoast-schema-graph\">{\"@context\":\"https:\\\/\\\/schema.org\",\"@graph\":[{\"@type\":\"WebPage\",\"@id\":\"http:\\\/\\\/4.184.192.234\\\/registrace-na-aws-v-praxi-od-rizeni-nakladu-po-nasazeni-aplikace-webinare-a-workshop\\\/\",\"url\":\"http:\\\/\\\/4.184.192.234\\\/registrace-na-aws-v-praxi-od-rizeni-nakladu-po-nasazeni-aplikace-webinare-a-workshop\\\/\",\"name\":\"REGISTRACE na\u00a0AWS v\u00a0praxi: Od \u0159\u00edzen\u00ed n\u00e1klad\u016f po nasazen\u00ed aplikace \u2013 webin\u00e1\u0159e a workshop\u00a0 - ORBIT | create IT your own way\",\"isPartOf\":{\"@id\":\"http:\\\/\\\/4.184.192.234\\\/#website\"},\"primaryImageOfPage\":{\"@id\":\"http:\\\/\\\/4.184.192.234\\\/registrace-na-aws-v-praxi-od-rizeni-nakladu-po-nasazeni-aplikace-webinare-a-workshop\\\/#primaryimage\"},\"image\":{\"@id\":\"http:\\\/\\\/4.184.192.234\\\/registrace-na-aws-v-praxi-od-rizeni-nakladu-po-nasazeni-aplikace-webinare-a-workshop\\\/#primaryimage\"},\"thumbnailUrl\":\"http:\\\/\\\/4.184.192.234\\\/wp-content\\\/uploads\\\/2025\\\/02\\\/AWS-webinare-2025.png\",\"datePublished\":\"2025-02-28T15:17:15+00:00\",\"dateModified\":\"2025-02-28T15:19:45+00:00\",\"description\":\"Pracujete s Amazon Web Services (AWS) ka\u017ed\u00fd den? Nebo teprve objevujete jeho mo\u017enosti? A\u0165 u\u017e jste na jak\u00e9koli \u00farovni, na\u0161e online webin\u00e1\u0159e a praktick\u00fd workshop v\u00e1m p\u0159inesou re\u00e1ln\u00e9 tipy a n\u00e1vody, jak AWS vyu\u017e\u00edt efektivn\u011b a naplno.\",\"breadcrumb\":{\"@id\":\"http:\\\/\\\/4.184.192.234\\\/registrace-na-aws-v-praxi-od-rizeni-nakladu-po-nasazeni-aplikace-webinare-a-workshop\\\/#breadcrumb\"},\"inLanguage\":\"en-GB\",\"potentialAction\":[{\"@type\":\"ReadAction\",\"target\":[\"http:\\\/\\\/4.184.192.234\\\/registrace-na-aws-v-praxi-od-rizeni-nakladu-po-nasazeni-aplikace-webinare-a-workshop\\\/\"]}]},{\"@type\":\"ImageObject\",\"inLanguage\":\"en-GB\",\"@id\":\"http:\\\/\\\/4.184.192.234\\\/registrace-na-aws-v-praxi-od-rizeni-nakladu-po-nasazeni-aplikace-webinare-a-workshop\\\/#primaryimage\",\"url\":\"http:\\\/\\\/4.184.192.234\\\/wp-content\\\/uploads\\\/2025\\\/02\\\/AWS-webinare-2025.png\",\"contentUrl\":\"http:\\\/\\\/4.184.192.234\\\/wp-content\\\/uploads\\\/2025\\\/02\\\/AWS-webinare-2025.png\",\"width\":1200,\"height\":628},{\"@type\":\"BreadcrumbList\",\"@id\":\"http:\\\/\\\/4.184.192.234\\\/registrace-na-aws-v-praxi-od-rizeni-nakladu-po-nasazeni-aplikace-webinare-a-workshop\\\/#breadcrumb\",\"itemListElement\":[{\"@type\":\"ListItem\",\"position\":1,\"name\":\"Home\",\"item\":\"http:\\\/\\\/4.184.192.234\\\/\"},{\"@type\":\"ListItem\",\"position\":2,\"name\":\"REGISTRACE na\u00a0AWS v\u00a0praxi: Od \u0159\u00edzen\u00ed n\u00e1klad\u016f po nasazen\u00ed aplikace \u2013 webin\u00e1\u0159e a workshop\u00a0\"}]},{\"@type\":\"WebSite\",\"@id\":\"http:\\\/\\\/4.184.192.234\\\/#website\",\"url\":\"http:\\\/\\\/4.184.192.234\\\/\",\"name\":\"ORBIT | create IT your own way\",\"description\":\"ORBIT | create IT your own way\",\"publisher\":{\"@id\":\"http:\\\/\\\/4.184.192.234\\\/#organization\"},\"potentialAction\":[{\"@type\":\"SearchAction\",\"target\":{\"@type\":\"EntryPoint\",\"urlTemplate\":\"http:\\\/\\\/4.184.192.234\\\/?s={search_term_string}\"},\"query-input\":{\"@type\":\"PropertyValueSpecification\",\"valueRequired\":true,\"valueName\":\"search_term_string\"}}],\"inLanguage\":\"en-GB\"},{\"@type\":\"Organization\",\"@id\":\"http:\\\/\\\/4.184.192.234\\\/#organization\",\"name\":\"ORBIT s.r.o.\",\"url\":\"http:\\\/\\\/4.184.192.234\\\/\",\"logo\":{\"@type\":\"ImageObject\",\"inLanguage\":\"en-GB\",\"@id\":\"http:\\\/\\\/4.184.192.234\\\/#\\\/schema\\\/logo\\\/image\\\/\",\"url\":\"http:\\\/\\\/4.184.192.234\\\/wp-content\\\/uploads\\\/2020\\\/11\\\/logoslogan-01.png\",\"contentUrl\":\"http:\\\/\\\/4.184.192.234\\\/wp-content\\\/uploads\\\/2020\\\/11\\\/logoslogan-01.png\",\"width\":1417,\"height\":829,\"caption\":\"ORBIT s.r.o.\"},\"image\":{\"@id\":\"http:\\\/\\\/4.184.192.234\\\/#\\\/schema\\\/logo\\\/image\\\/\"},\"sameAs\":[\"https:\\\/\\\/www.linkedin.com\\\/company\\\/orbit\\\/\"]}]}<\/script>\n<!-- \/ Yoast SEO plugin. -->","yoast_head_json":{"title":"REGISTRATION on AWS in practice: From cost management to application deployment - webinars and workshop - ORBIT | create IT your own way","description":"Do you work with Amazon Web Services (AWS) every day? Or are you just discovering its capabilities? Whatever level you're at, our online webinars and hands-on workshop will give you real tips and guidance on how to use AWS effectively and to its full potential.","robots":{"index":"index","follow":"follow","max-snippet":"max-snippet:-1","max-image-preview":"max-image-preview:large","max-video-preview":"max-video-preview:-1"},"canonical":"http:\/\/4.184.192.234\/en\/registrace-na-aws-v-praxi-od-rizeni-nakladu-po-nasazeni-aplikace-webinare-a-workshop\/","og_locale":"en_GB","og_type":"article","og_title":"REGISTRACE na\u00a0AWS v\u00a0praxi: Od \u0159\u00edzen\u00ed n\u00e1klad\u016f po nasazen\u00ed aplikace \u2013 webin\u00e1\u0159e a workshop","og_description":"Pracujete s Amazon Web Services (AWS) ka\u017ed\u00fd den? Nebo teprve objevujete jeho mo\u017enosti? A\u0165 u\u017e jste na jak\u00e9koli \u00farovni, na\u0161e online webin\u00e1\u0159e a praktick\u00fd workshop v\u00e1m p\u0159inesou re\u00e1ln\u00e9 tipy a n\u00e1vody, jak AWS vyu\u017e\u00edt efektivn\u011b a naplno.","og_url":"http:\/\/4.184.192.234\/en\/registrace-na-aws-v-praxi-od-rizeni-nakladu-po-nasazeni-aplikace-webinare-a-workshop\/","og_site_name":"ORBIT | create IT your own way","article_modified_time":"2025-02-28T15:19:45+00:00","og_image":[{"width":1200,"height":628,"url":"http:\/\/4.184.192.234\/wp-content\/uploads\/2025\/02\/AWS-webinare-2025.png","type":"image\/png"}],"twitter_card":"summary_large_image","twitter_title":"REGISTRACE na\u00a0AWS v\u00a0praxi: Od \u0159\u00edzen\u00ed n\u00e1klad\u016f po nasazen\u00ed aplikace \u2013 webin\u00e1\u0159e a workshop","twitter_image":"http:\/\/4.184.192.234\/wp-content\/uploads\/2025\/02\/AWS-webinare-2025.png","twitter_misc":{"Estimated reading time":"1 minute"},"schema":{"@context":"https:\/\/schema.org","@graph":[{"@type":"WebPage","@id":"http:\/\/4.184.192.234\/registrace-na-aws-v-praxi-od-rizeni-nakladu-po-nasazeni-aplikace-webinare-a-workshop\/","url":"http:\/\/4.184.192.234\/registrace-na-aws-v-praxi-od-rizeni-nakladu-po-nasazeni-aplikace-webinare-a-workshop\/","name":"REGISTRATION on AWS in practice: From cost management to application deployment - webinars and workshop - ORBIT | create IT your own way","isPartOf":{"@id":"http:\/\/4.184.192.234\/#website"},"primaryImageOfPage":{"@id":"http:\/\/4.184.192.234\/registrace-na-aws-v-praxi-od-rizeni-nakladu-po-nasazeni-aplikace-webinare-a-workshop\/#primaryimage"},"image":{"@id":"http:\/\/4.184.192.234\/registrace-na-aws-v-praxi-od-rizeni-nakladu-po-nasazeni-aplikace-webinare-a-workshop\/#primaryimage"},"thumbnailUrl":"http:\/\/4.184.192.234\/wp-content\/uploads\/2025\/02\/AWS-webinare-2025.png","datePublished":"2025-02-28T15:17:15+00:00","dateModified":"2025-02-28T15:19:45+00:00","description":"Do you work with Amazon Web Services (AWS) every day? Or are you just discovering its capabilities? Whatever level you're at, our online webinars and hands-on workshop will give you real tips and guidance on how to use AWS effectively and to its full potential.","breadcrumb":{"@id":"http:\/\/4.184.192.234\/registrace-na-aws-v-praxi-od-rizeni-nakladu-po-nasazeni-aplikace-webinare-a-workshop\/#breadcrumb"},"inLanguage":"en-GB","potentialAction":[{"@type":"ReadAction","target":["http:\/\/4.184.192.234\/registrace-na-aws-v-praxi-od-rizeni-nakladu-po-nasazeni-aplikace-webinare-a-workshop\/"]}]},{"@type":"ImageObject","inLanguage":"en-GB","@id":"http:\/\/4.184.192.234\/registrace-na-aws-v-praxi-od-rizeni-nakladu-po-nasazeni-aplikace-webinare-a-workshop\/#primaryimage","url":"http:\/\/4.184.192.234\/wp-content\/uploads\/2025\/02\/AWS-webinare-2025.png","contentUrl":"http:\/\/4.184.192.234\/wp-content\/uploads\/2025\/02\/AWS-webinare-2025.png","width":1200,"height":628},{"@type":"BreadcrumbList","@id":"http:\/\/4.184.192.234\/registrace-na-aws-v-praxi-od-rizeni-nakladu-po-nasazeni-aplikace-webinare-a-workshop\/#breadcrumb","itemListElement":[{"@type":"ListItem","position":1,"name":"Home","item":"http:\/\/4.184.192.234\/"},{"@type":"ListItem","position":2,"name":"REGISTRACE na\u00a0AWS v\u00a0praxi: Od \u0159\u00edzen\u00ed n\u00e1klad\u016f po nasazen\u00ed aplikace \u2013 webin\u00e1\u0159e a workshop\u00a0"}]},{"@type":"WebSite","@id":"http:\/\/4.184.192.234\/#website","url":"http:\/\/4.184.192.234\/","name":"ORBIT | create IT your own way","description":"ORBIT | create IT your own way","publisher":{"@id":"http:\/\/4.184.192.234\/#organization"},"potentialAction":[{"@type":"SearchAction","target":{"@type":"EntryPoint","urlTemplate":"http:\/\/4.184.192.234\/?s={search_term_string}"},"query-input":{"@type":"PropertyValueSpecification","valueRequired":true,"valueName":"search_term_string"}}],"inLanguage":"en-GB"},{"@type":"Organization","@id":"http:\/\/4.184.192.234\/#organization","name":"ORBIT s.r.o.","url":"http:\/\/4.184.192.234\/","logo":{"@type":"ImageObject","inLanguage":"en-GB","@id":"http:\/\/4.184.192.234\/#\/schema\/logo\/image\/","url":"http:\/\/4.184.192.234\/wp-content\/uploads\/2020\/11\/logoslogan-01.png","contentUrl":"http:\/\/4.184.192.234\/wp-content\/uploads\/2020\/11\/logoslogan-01.png","width":1417,"height":829,"caption":"ORBIT s.r.o."},"image":{"@id":"http:\/\/4.184.192.234\/#\/schema\/logo\/image\/"},"sameAs":["https:\/\/www.linkedin.com\/company\/orbit\/"]}]}},"taxonomy_info":[],"featured_image_src_large":["http:\/\/4.184.192.234\/wp-content\/uploads\/2025\/02\/AWS-webinare-2025-1024x536.png",1024,536,true],"author_info":{"display_name":"Anna Pavlovsk\u00e1","author_link":"http:\/\/4.184.192.234\/en\/author\/a4bcee3263e872ad\/"},"comment_info":0,"_links":{"self":[{"href":"http:\/\/4.184.192.234\/en\/wp-json\/wp\/v2\/pages\/22181","targetHints":{"allow":["GET"]}}],"collection":[{"href":"http:\/\/4.184.192.234\/en\/wp-json\/wp\/v2\/pages"}],"about":[{"href":"http:\/\/4.184.192.234\/en\/wp-json\/wp\/v2\/types\/page"}],"author":[{"embeddable":true,"href":"http:\/\/4.184.192.234\/en\/wp-json\/wp\/v2\/users\/8"}],"replies":[{"embeddable":true,"href":"http:\/\/4.184.192.234\/en\/wp-json\/wp\/v2\/comments?post=22181"}],"version-history":[{"count":1,"href":"http:\/\/4.184.192.234\/en\/wp-json\/wp\/v2\/pages\/22181\/revisions"}],"predecessor-version":[{"id":22183,"href":"http:\/\/4.184.192.234\/en\/wp-json\/wp\/v2\/pages\/22181\/revisions\/22183"}],"wp:featuredmedia":[{"embeddable":true,"href":"http:\/\/4.184.192.234\/en\/wp-json\/wp\/v2\/media\/22182"}],"wp:attachment":[{"href":"http:\/\/4.184.192.234\/en\/wp-json\/wp\/v2\/media?parent=22181"}],"wp:term":[{"taxonomy":"klic_citace","embeddable":true,"href":"http:\/\/4.184.192.234\/en\/wp-json\/wp\/v2\/klic_citace?post=22181"}],"curies":[{"name":"wp","href":"https:\/\/api.w.org\/{rel}","templated":true}]}}