{"id":20361,"date":"2024-06-18T14:43:56","date_gmt":"2024-06-18T12:43:56","guid":{"rendered":"http:\/\/www.orbit.cz\/?page_id=20361"},"modified":"2024-06-18T14:44:40","modified_gmt":"2024-06-18T12:44:40","slug":"registrace-na-webinare-nove-pozadavky-narizeni-dora-v-praxi","status":"publish","type":"page","link":"http:\/\/4.184.192.234\/en\/registrace-na-webinare-nove-pozadavky-narizeni-dora-v-praxi\/","title":{"rendered":"REGISTRATION for webinars: New DORA requirements in practice"},"content":{"rendered":"<style>.kb-row-layout-id20361_b1e752-b0 > .kt-row-column-wrap{align-content:start;}:where(.kb-row-layout-id20361_b1e752-b0 > .kt-row-column-wrap) > .wp-block-kadence-column{justify-content:start;}.kb-row-layout-id20361_b1e752-b0 > .kt-row-column-wrap{column-gap:var(--global-kb-gap-md, 2rem);row-gap:var(--global-kb-gap-md, 2rem);max-width:var( --global-content-width, 1290px );padding-left:var(--global-content-edge-padding);padding-right:var(--global-content-edge-padding);padding-top:var(--global-kb-spacing-sm, 1.5rem);padding-bottom:var(--global-kb-spacing-sm, 1.5rem);grid-template-columns:minmax(0, 1fr);}.kb-row-layout-id20361_b1e752-b0 > .kt-row-layout-overlay{opacity:0.30;}@media all and (max-width: 1024px){.kb-row-layout-id20361_b1e752-b0 > .kt-row-column-wrap{grid-template-columns:minmax(0, 1fr);}}@media all and (max-width: 767px){.kb-row-layout-id20361_b1e752-b0 > .kt-row-column-wrap{grid-template-columns:minmax(0, 1fr);}}<\/style><div class=\"kb-row-layout-wrap kb-row-layout-id20361_b1e752-b0 alignnone wp-block-kadence-rowlayout\"><div class=\"kt-row-column-wrap kt-has-1-columns kt-row-layout-equal kt-tab-layout-inherit kt-mobile-layout-row kt-row-valign-top kb-theme-content-width\">\n<style>.kadence-column20361_4c494d-f0 > .kt-inside-inner-col,.kadence-column20361_4c494d-f0 > .kt-inside-inner-col:before{border-top-left-radius:0px;border-top-right-radius:0px;border-bottom-right-radius:0px;border-bottom-left-radius:0px;}.kadence-column20361_4c494d-f0 > .kt-inside-inner-col{column-gap:var(--global-kb-gap-sm, 1rem);}.kadence-column20361_4c494d-f0 > .kt-inside-inner-col{flex-direction:column;}.kadence-column20361_4c494d-f0 > .kt-inside-inner-col > .aligncenter{width:100%;}.kadence-column20361_4c494d-f0 > .kt-inside-inner-col:before{opacity:0.3;}.kadence-column20361_4c494d-f0{position:relative;}@media all and (max-width: 1024px){.kadence-column20361_4c494d-f0 > .kt-inside-inner-col{flex-direction:column;justify-content:center;}}@media all and (max-width: 767px){.kadence-column20361_4c494d-f0 > .kt-inside-inner-col{flex-direction:column;justify-content:center;}}<\/style>\n<div class=\"wp-block-kadence-column kadence-column20361_4c494d-f0\"><div class=\"kt-inside-inner-col\">\n<iframe loading=\"lazy\" width=\"100%\" height=\"4200px\" data-src=\"https:\/\/forms.office.com\/Pages\/ResponsePage.aspx?id=PCRilh-7XUaP4vgHrCfc_aZrPk_uCbZOhA4-ePph0KNUQTQzUVJKRklUQjhDTk9LQVA5RUJLQ0FYSC4u\" frameborder=\"0\" marginwidth=\"0\" marginheight=\"0\" style=\"border: none; max-width:100%; max-height:100vh\" allowfullscreen=\"\" webkitallowfullscreen=\"\" mozallowfullscreen=\"\" msallowfullscreen=\"\" src=\"https:\/\/forms.office.com\/Pages\/ResponsePage.aspx?id=PCRilh-7XUaP4vgHrCfc_aZrPk_uCbZOhA4-ePph0KNUQTQzUVJKRklUQjhDTk9LQVA5RUJLQ0FYSC4u\" class=\"lazyloaded\" data-load-mode=\"1\"> <\/iframe>\n<\/div><\/div>\n\n<\/div><\/div>","protected":false},"excerpt":{"rendered":"","protected":false},"author":8,"featured_media":0,"parent":0,"menu_order":0,"comment_status":"closed","ping_status":"closed","template":"","meta":{"_acf_changed":false,"_kad_blocks_custom_css":"","_kad_blocks_head_custom_js":"","_kad_blocks_body_custom_js":"","_kad_blocks_footer_custom_js":"","_kad_post_transparent":"","_kad_post_title":"","_kad_post_layout":"","_kad_post_sidebar_id":"","_kad_post_content_style":"","_kad_post_vertical_padding":"","_kad_post_feature":"","_kad_post_feature_position":"","_kad_post_header":false,"_kad_post_footer":false,"_kad_post_classname":"","footnotes":""},"klic_citace":[],"class_list":["post-20361","page","type-page","status-publish","hentry"],"acf":[],"yoast_head":"<!-- This site is optimized with the Yoast SEO plugin v27.4 - https:\/\/yoast.com\/product\/yoast-seo-wordpress\/ -->\n<title>REGISTRACE na webin\u00e1\u0159e:\u00a0Nov\u00e9 po\u017eadavky na\u0159\u00edzen\u00ed DORA v praxi - ORBIT | create IT your own way<\/title>\n<meta name=\"description\" content=\"DORA dnes definuje p\u0159esn\u00e9 technick\u00e9 po\u017eadavky, kter\u00e9 finan\u010dn\u00ed instituce mus\u00ed spl\u0148ovat. Na\u0159\u00edzen\u00ed DORA vejde v platnost 17. ledna 2025.Jak se na zm\u011bny, kter\u00e9 DORA p\u0159in\u00e1\u0161\u00ed, p\u0159ipravit? Uk\u00e1\u017eeme v\u00e1m to na na\u0161ich webin\u00e1\u0159\u00edch.\" \/>\n<meta name=\"robots\" content=\"index, follow, max-snippet:-1, max-image-preview:large, max-video-preview:-1\" \/>\n<link rel=\"canonical\" href=\"http:\/\/4.184.192.234\/en\/registrace-na-webinare-nove-pozadavky-narizeni-dora-v-praxi\/\" \/>\n<meta property=\"og:locale\" content=\"en_GB\" \/>\n<meta property=\"og:type\" content=\"article\" \/>\n<meta property=\"og:title\" content=\"REGISTRACE na webin\u00e1\u0159e:\u00a0Nov\u00e9 po\u017eadavky na\u0159\u00edzen\u00ed DORA v praxi\" \/>\n<meta property=\"og:description\" content=\"DORA dnes definuje p\u0159esn\u00e9 technick\u00e9 po\u017eadavky, kter\u00e9 finan\u010dn\u00ed instituce mus\u00ed spl\u0148ovat. Na\u0159\u00edzen\u00ed DORA vejde v platnost 17. ledna 2025.Jak se na zm\u011bny, kter\u00e9 DORA p\u0159in\u00e1\u0161\u00ed, p\u0159ipravit? Uk\u00e1\u017eeme v\u00e1m to na na\u0161ich webin\u00e1\u0159\u00edch.\" \/>\n<meta property=\"og:url\" content=\"http:\/\/4.184.192.234\/en\/registrace-na-webinare-nove-pozadavky-narizeni-dora-v-praxi\/\" \/>\n<meta property=\"og:site_name\" content=\"ORBIT | create IT your own way\" \/>\n<meta property=\"article:modified_time\" content=\"2024-06-18T12:44:40+00:00\" \/>\n<meta property=\"og:image\" content=\"http:\/\/4.184.192.234\/wp-content\/uploads\/2024\/06\/ORBIT-DORA-1024x682.png\" \/>\n\t<meta property=\"og:image:width\" content=\"1024\" \/>\n\t<meta property=\"og:image:height\" content=\"682\" \/>\n\t<meta property=\"og:image:type\" content=\"image\/png\" \/>\n<meta name=\"twitter:card\" content=\"summary_large_image\" \/>\n<meta name=\"twitter:title\" content=\"REGISTRACE na webin\u00e1\u0159e:\u00a0Nov\u00e9 po\u017eadavky na\u0159\u00edzen\u00ed DORA v praxi\" \/>\n<meta name=\"twitter:image\" content=\"http:\/\/4.184.192.234\/wp-content\/uploads\/2024\/06\/ORBIT-DORA.png\" \/>\n<script type=\"application\/ld+json\" class=\"yoast-schema-graph\">{\"@context\":\"https:\\\/\\\/schema.org\",\"@graph\":[{\"@type\":\"WebPage\",\"@id\":\"http:\\\/\\\/4.184.192.234\\\/registrace-na-webinare-nove-pozadavky-narizeni-dora-v-praxi\\\/\",\"url\":\"http:\\\/\\\/4.184.192.234\\\/registrace-na-webinare-nove-pozadavky-narizeni-dora-v-praxi\\\/\",\"name\":\"REGISTRACE na webin\u00e1\u0159e:\u00a0Nov\u00e9 po\u017eadavky na\u0159\u00edzen\u00ed DORA v praxi - ORBIT | create IT your own way\",\"isPartOf\":{\"@id\":\"http:\\\/\\\/4.184.192.234\\\/#website\"},\"datePublished\":\"2024-06-18T12:43:56+00:00\",\"dateModified\":\"2024-06-18T12:44:40+00:00\",\"description\":\"DORA dnes definuje p\u0159esn\u00e9 technick\u00e9 po\u017eadavky, kter\u00e9 finan\u010dn\u00ed instituce mus\u00ed spl\u0148ovat. Na\u0159\u00edzen\u00ed DORA vejde v platnost 17. ledna 2025.Jak se na zm\u011bny, kter\u00e9 DORA p\u0159in\u00e1\u0161\u00ed, p\u0159ipravit? Uk\u00e1\u017eeme v\u00e1m to na na\u0161ich webin\u00e1\u0159\u00edch.\",\"breadcrumb\":{\"@id\":\"http:\\\/\\\/4.184.192.234\\\/registrace-na-webinare-nove-pozadavky-narizeni-dora-v-praxi\\\/#breadcrumb\"},\"inLanguage\":\"en-GB\",\"potentialAction\":[{\"@type\":\"ReadAction\",\"target\":[\"http:\\\/\\\/4.184.192.234\\\/registrace-na-webinare-nove-pozadavky-narizeni-dora-v-praxi\\\/\"]}]},{\"@type\":\"BreadcrumbList\",\"@id\":\"http:\\\/\\\/4.184.192.234\\\/registrace-na-webinare-nove-pozadavky-narizeni-dora-v-praxi\\\/#breadcrumb\",\"itemListElement\":[{\"@type\":\"ListItem\",\"position\":1,\"name\":\"Home\",\"item\":\"http:\\\/\\\/4.184.192.234\\\/\"},{\"@type\":\"ListItem\",\"position\":2,\"name\":\"REGISTRACE na webin\u00e1\u0159e:\u00a0Nov\u00e9 po\u017eadavky na\u0159\u00edzen\u00ed DORA v&nbsp;praxi\"}]},{\"@type\":\"WebSite\",\"@id\":\"http:\\\/\\\/4.184.192.234\\\/#website\",\"url\":\"http:\\\/\\\/4.184.192.234\\\/\",\"name\":\"ORBIT | create IT your own way\",\"description\":\"ORBIT | create IT your own way\",\"publisher\":{\"@id\":\"http:\\\/\\\/4.184.192.234\\\/#organization\"},\"potentialAction\":[{\"@type\":\"SearchAction\",\"target\":{\"@type\":\"EntryPoint\",\"urlTemplate\":\"http:\\\/\\\/4.184.192.234\\\/?s={search_term_string}\"},\"query-input\":{\"@type\":\"PropertyValueSpecification\",\"valueRequired\":true,\"valueName\":\"search_term_string\"}}],\"inLanguage\":\"en-GB\"},{\"@type\":\"Organization\",\"@id\":\"http:\\\/\\\/4.184.192.234\\\/#organization\",\"name\":\"ORBIT s.r.o.\",\"url\":\"http:\\\/\\\/4.184.192.234\\\/\",\"logo\":{\"@type\":\"ImageObject\",\"inLanguage\":\"en-GB\",\"@id\":\"http:\\\/\\\/4.184.192.234\\\/#\\\/schema\\\/logo\\\/image\\\/\",\"url\":\"http:\\\/\\\/4.184.192.234\\\/wp-content\\\/uploads\\\/2020\\\/11\\\/logoslogan-01.png\",\"contentUrl\":\"http:\\\/\\\/4.184.192.234\\\/wp-content\\\/uploads\\\/2020\\\/11\\\/logoslogan-01.png\",\"width\":1417,\"height\":829,\"caption\":\"ORBIT s.r.o.\"},\"image\":{\"@id\":\"http:\\\/\\\/4.184.192.234\\\/#\\\/schema\\\/logo\\\/image\\\/\"},\"sameAs\":[\"https:\\\/\\\/www.linkedin.com\\\/company\\\/orbit\\\/\"]}]}<\/script>\n<!-- \/ Yoast SEO plugin. -->","yoast_head_json":{"title":"REGISTRATION for webinars: New DORA requirements in practice - ORBIT | create IT your own way","description":"Today, DORA defines precise technical requirements that financial institutions must meet. DORA will come into force on 17 January 2025.How to prepare for the changes DORA brings? We'll show you in our webinars.","robots":{"index":"index","follow":"follow","max-snippet":"max-snippet:-1","max-image-preview":"max-image-preview:large","max-video-preview":"max-video-preview:-1"},"canonical":"http:\/\/4.184.192.234\/en\/registrace-na-webinare-nove-pozadavky-narizeni-dora-v-praxi\/","og_locale":"en_GB","og_type":"article","og_title":"REGISTRACE na webin\u00e1\u0159e:\u00a0Nov\u00e9 po\u017eadavky na\u0159\u00edzen\u00ed DORA v praxi","og_description":"DORA dnes definuje p\u0159esn\u00e9 technick\u00e9 po\u017eadavky, kter\u00e9 finan\u010dn\u00ed instituce mus\u00ed spl\u0148ovat. Na\u0159\u00edzen\u00ed DORA vejde v platnost 17. ledna 2025.Jak se na zm\u011bny, kter\u00e9 DORA p\u0159in\u00e1\u0161\u00ed, p\u0159ipravit? Uk\u00e1\u017eeme v\u00e1m to na na\u0161ich webin\u00e1\u0159\u00edch.","og_url":"http:\/\/4.184.192.234\/en\/registrace-na-webinare-nove-pozadavky-narizeni-dora-v-praxi\/","og_site_name":"ORBIT | create IT your own way","article_modified_time":"2024-06-18T12:44:40+00:00","og_image":[{"width":1024,"height":682,"url":"http:\/\/4.184.192.234\/wp-content\/uploads\/2024\/06\/ORBIT-DORA-1024x682.png","type":"image\/png"}],"twitter_card":"summary_large_image","twitter_title":"REGISTRACE na webin\u00e1\u0159e:\u00a0Nov\u00e9 po\u017eadavky na\u0159\u00edzen\u00ed DORA v praxi","twitter_image":"http:\/\/4.184.192.234\/wp-content\/uploads\/2024\/06\/ORBIT-DORA.png","schema":{"@context":"https:\/\/schema.org","@graph":[{"@type":"WebPage","@id":"http:\/\/4.184.192.234\/registrace-na-webinare-nove-pozadavky-narizeni-dora-v-praxi\/","url":"http:\/\/4.184.192.234\/registrace-na-webinare-nove-pozadavky-narizeni-dora-v-praxi\/","name":"REGISTRATION for webinars: New DORA requirements in practice - ORBIT | create IT your own way","isPartOf":{"@id":"http:\/\/4.184.192.234\/#website"},"datePublished":"2024-06-18T12:43:56+00:00","dateModified":"2024-06-18T12:44:40+00:00","description":"Today, DORA defines precise technical requirements that financial institutions must meet. DORA will come into force on 17 January 2025.How to prepare for the changes DORA brings? We'll show you in our webinars.","breadcrumb":{"@id":"http:\/\/4.184.192.234\/registrace-na-webinare-nove-pozadavky-narizeni-dora-v-praxi\/#breadcrumb"},"inLanguage":"en-GB","potentialAction":[{"@type":"ReadAction","target":["http:\/\/4.184.192.234\/registrace-na-webinare-nove-pozadavky-narizeni-dora-v-praxi\/"]}]},{"@type":"BreadcrumbList","@id":"http:\/\/4.184.192.234\/registrace-na-webinare-nove-pozadavky-narizeni-dora-v-praxi\/#breadcrumb","itemListElement":[{"@type":"ListItem","position":1,"name":"Home","item":"http:\/\/4.184.192.234\/"},{"@type":"ListItem","position":2,"name":"REGISTRACE na webin\u00e1\u0159e:\u00a0Nov\u00e9 po\u017eadavky na\u0159\u00edzen\u00ed DORA v&nbsp;praxi"}]},{"@type":"WebSite","@id":"http:\/\/4.184.192.234\/#website","url":"http:\/\/4.184.192.234\/","name":"ORBIT | create IT your own way","description":"ORBIT | create IT your own way","publisher":{"@id":"http:\/\/4.184.192.234\/#organization"},"potentialAction":[{"@type":"SearchAction","target":{"@type":"EntryPoint","urlTemplate":"http:\/\/4.184.192.234\/?s={search_term_string}"},"query-input":{"@type":"PropertyValueSpecification","valueRequired":true,"valueName":"search_term_string"}}],"inLanguage":"en-GB"},{"@type":"Organization","@id":"http:\/\/4.184.192.234\/#organization","name":"ORBIT s.r.o.","url":"http:\/\/4.184.192.234\/","logo":{"@type":"ImageObject","inLanguage":"en-GB","@id":"http:\/\/4.184.192.234\/#\/schema\/logo\/image\/","url":"http:\/\/4.184.192.234\/wp-content\/uploads\/2020\/11\/logoslogan-01.png","contentUrl":"http:\/\/4.184.192.234\/wp-content\/uploads\/2020\/11\/logoslogan-01.png","width":1417,"height":829,"caption":"ORBIT s.r.o."},"image":{"@id":"http:\/\/4.184.192.234\/#\/schema\/logo\/image\/"},"sameAs":["https:\/\/www.linkedin.com\/company\/orbit\/"]}]}},"taxonomy_info":[],"featured_image_src_large":false,"author_info":{"display_name":"Anna Pavlovsk\u00e1","author_link":"http:\/\/4.184.192.234\/en\/author\/a4bcee3263e872ad\/"},"comment_info":0,"_links":{"self":[{"href":"http:\/\/4.184.192.234\/en\/wp-json\/wp\/v2\/pages\/20361","targetHints":{"allow":["GET"]}}],"collection":[{"href":"http:\/\/4.184.192.234\/en\/wp-json\/wp\/v2\/pages"}],"about":[{"href":"http:\/\/4.184.192.234\/en\/wp-json\/wp\/v2\/types\/page"}],"author":[{"embeddable":true,"href":"http:\/\/4.184.192.234\/en\/wp-json\/wp\/v2\/users\/8"}],"replies":[{"embeddable":true,"href":"http:\/\/4.184.192.234\/en\/wp-json\/wp\/v2\/comments?post=20361"}],"version-history":[{"count":0,"href":"http:\/\/4.184.192.234\/en\/wp-json\/wp\/v2\/pages\/20361\/revisions"}],"wp:attachment":[{"href":"http:\/\/4.184.192.234\/en\/wp-json\/wp\/v2\/media?parent=20361"}],"wp:term":[{"taxonomy":"klic_citace","embeddable":true,"href":"http:\/\/4.184.192.234\/en\/wp-json\/wp\/v2\/klic_citace?post=20361"}],"curies":[{"name":"wp","href":"https:\/\/api.w.org\/{rel}","templated":true}]}}