{"id":11383,"date":"2022-03-02T14:42:42","date_gmt":"2022-03-02T13:42:42","guid":{"rendered":"http:\/\/www.orbit.cz\/?page_id=11383"},"modified":"2024-06-20T17:29:19","modified_gmt":"2024-06-20T15:29:19","slug":"ke-stazeni","status":"publish","type":"page","link":"http:\/\/4.184.192.234\/en\/ke-stazeni\/","title":{"rendered":"Download"},"content":{"rendered":"<p class=\"has-text-align-center\"><a class=\"button four\" href=\"http:\/\/4.184.192.234\/wp-content\/uploads\/2022\/03\/Podminky-zpracovani-osobnich-udaju_ORBIT.pdf\" target=\"_blank\" rel=\"noopener\">&nbsp; &nbsp; &nbsp; Terms and conditions for processing personal data&nbsp; &nbsp; &nbsp; <\/a><\/p>\n\n\n\n<p class=\"has-text-align-center\"><a class=\"button four\" href=\"http:\/\/4.184.192.234\/wp-content\/uploads\/2022\/03\/Obchodni-podminky-Discover365_ORBIT.pdf\" target=\"_blank\" rel=\"noopener\">&nbsp; &nbsp;Discover 365 Terms and Conditions&nbsp; &nbsp;<\/a><\/p>\n\n\n\n<p class=\"has-text-align-center\"><a class=\"button four\" href=\"http:\/\/4.184.192.234\/wp-content\/uploads\/2022\/03\/Zasady-zpracovani-osobnich-udaju_ORBIT.pdf\" target=\"_blank\" rel=\"noopener\">&nbsp; &nbsp; &nbsp; &nbsp; Personal data processing principles&nbsp; &nbsp; &nbsp; &nbsp;&nbsp;<\/a><\/p>\n\n\n\n<p class=\"has-text-align-center\"><a class=\"button four\" href=\"http:\/\/4.184.192.234\/wp-content\/uploads\/2022\/03\/Obchodni-podminky-Microsoft-CSP_ORBIT.pdf\" target=\"_blank\" rel=\"noopener\">&nbsp; &nbsp; &nbsp; &nbsp; &nbsp; &nbsp;Microsoft CSP Terms and Conditions&nbsp; &nbsp; &nbsp; &nbsp;&nbsp;<\/a><\/p>\n\n\n\n<p class=\"has-text-align-center\"><a class=\"button four\" href=\"http:\/\/4.184.192.234\/wp-content\/uploads\/2022\/12\/V-01-Politika-spolecnosti.pdf\" target=\"_blank\" rel=\"noopener\">&nbsp; &nbsp; &nbsp; &nbsp; &nbsp; &nbsp; &nbsp; &nbsp; &nbsp; &nbsp; &nbsp; &nbsp;Company policy&nbsp; &nbsp; &nbsp; &nbsp; &nbsp; &nbsp; &nbsp; &nbsp; &nbsp; &nbsp; &nbsp; &nbsp; &nbsp;<\/a><\/p>","protected":false},"excerpt":{"rendered":"<p>&nbsp; &nbsp; &nbsp; Terms and conditions of personal data processing Discover 365 Terms and conditions of service Personal data processing policy Microsoft CSP Terms and conditions Company policy ...<\/p>","protected":false},"author":7,"featured_media":20382,"parent":0,"menu_order":0,"comment_status":"closed","ping_status":"closed","template":"","meta":{"_acf_changed":false,"_kad_blocks_custom_css":"","_kad_blocks_head_custom_js":"","_kad_blocks_body_custom_js":"","_kad_blocks_footer_custom_js":"","_kad_post_transparent":"","_kad_post_title":"","_kad_post_layout":"","_kad_post_sidebar_id":"","_kad_post_content_style":"","_kad_post_vertical_padding":"","_kad_post_feature":"","_kad_post_feature_position":"","_kad_post_header":false,"_kad_post_footer":false,"_kad_post_classname":"","footnotes":""},"klic_citace":[],"class_list":["post-11383","page","type-page","status-publish","has-post-thumbnail","hentry"],"acf":[],"yoast_head":"<!-- This site is optimized with the Yoast SEO plugin v27.3 - https:\/\/yoast.com\/product\/yoast-seo-wordpress\/ -->\n<title>Ke sta\u017een\u00ed | ORBIT<\/title>\n<meta name=\"description\" content=\"Podm\u00ednky a z\u00e1sady pracov\u00e1n\u00ed osobn\u00edch \u00fadaj\u016f | Obchodn\u00ed podm\u00ednky Discover 365 | Obchodn\u00ed podm\u00ednky Microsoft CSP | Politika spole\u010dnosti\" \/>\n<meta name=\"robots\" content=\"index, follow, max-snippet:-1, max-image-preview:large, max-video-preview:-1\" \/>\n<link rel=\"canonical\" href=\"http:\/\/4.184.192.234\/en\/ke-stazeni\/\" \/>\n<meta property=\"og:locale\" content=\"en_GB\" \/>\n<meta property=\"og:type\" content=\"article\" \/>\n<meta property=\"og:title\" content=\"Ke sta\u017een\u00ed | ORBIT\" \/>\n<meta property=\"og:description\" content=\"GDPR, obchodn\u00ed podm\u00ednky, politika spole\u010dnosti aj.\" \/>\n<meta property=\"og:url\" content=\"http:\/\/4.184.192.234\/en\/ke-stazeni\/\" \/>\n<meta property=\"og:site_name\" content=\"ORBIT | create IT your own way\" \/>\n<meta property=\"article:modified_time\" content=\"2024-06-20T15:29:19+00:00\" \/>\n<meta property=\"og:image\" content=\"http:\/\/4.184.192.234\/wp-content\/uploads\/2024\/06\/Discover365.jpg\" \/>\n\t<meta property=\"og:image:width\" content=\"1600\" \/>\n\t<meta property=\"og:image:height\" content=\"1000\" \/>\n\t<meta property=\"og:image:type\" content=\"image\/jpeg\" \/>\n<meta name=\"twitter:card\" content=\"summary_large_image\" \/>\n<meta name=\"twitter:title\" content=\"Ke sta\u017een\u00ed | ORBIT\" \/>\n<meta name=\"twitter:description\" content=\"GDPR, obchodn\u00ed podm\u00ednky, politika spole\u010dnosti aj.\" \/>\n<meta name=\"twitter:image\" content=\"http:\/\/4.184.192.234\/wp-content\/uploads\/2024\/06\/Discover365.jpg\" \/>\n<meta name=\"twitter:label1\" content=\"Estimated reading time\" \/>\n\t<meta name=\"twitter:data1\" content=\"1 minute\" \/>\n<script type=\"application\/ld+json\" class=\"yoast-schema-graph\">{\"@context\":\"https:\\\/\\\/schema.org\",\"@graph\":[{\"@type\":\"WebPage\",\"@id\":\"http:\\\/\\\/4.184.192.234\\\/ke-stazeni\\\/\",\"url\":\"http:\\\/\\\/4.184.192.234\\\/ke-stazeni\\\/\",\"name\":\"Ke sta\u017een\u00ed | ORBIT\",\"isPartOf\":{\"@id\":\"http:\\\/\\\/4.184.192.234\\\/#website\"},\"primaryImageOfPage\":{\"@id\":\"http:\\\/\\\/4.184.192.234\\\/ke-stazeni\\\/#primaryimage\"},\"image\":{\"@id\":\"http:\\\/\\\/4.184.192.234\\\/ke-stazeni\\\/#primaryimage\"},\"thumbnailUrl\":\"http:\\\/\\\/4.184.192.234\\\/wp-content\\\/uploads\\\/2024\\\/06\\\/Discover365.jpg\",\"datePublished\":\"2022-03-02T13:42:42+00:00\",\"dateModified\":\"2024-06-20T15:29:19+00:00\",\"description\":\"Podm\u00ednky a z\u00e1sady pracov\u00e1n\u00ed osobn\u00edch \u00fadaj\u016f | Obchodn\u00ed podm\u00ednky Discover 365 | Obchodn\u00ed podm\u00ednky Microsoft CSP | Politika spole\u010dnosti\",\"breadcrumb\":{\"@id\":\"http:\\\/\\\/4.184.192.234\\\/ke-stazeni\\\/#breadcrumb\"},\"inLanguage\":\"en-GB\",\"potentialAction\":[{\"@type\":\"ReadAction\",\"target\":[\"http:\\\/\\\/4.184.192.234\\\/ke-stazeni\\\/\"]}]},{\"@type\":\"ImageObject\",\"inLanguage\":\"en-GB\",\"@id\":\"http:\\\/\\\/4.184.192.234\\\/ke-stazeni\\\/#primaryimage\",\"url\":\"http:\\\/\\\/4.184.192.234\\\/wp-content\\\/uploads\\\/2024\\\/06\\\/Discover365.jpg\",\"contentUrl\":\"http:\\\/\\\/4.184.192.234\\\/wp-content\\\/uploads\\\/2024\\\/06\\\/Discover365.jpg\",\"width\":1600,\"height\":1000,\"caption\":\"Ke sta\u017een\u00ed | ORBIT\"},{\"@type\":\"BreadcrumbList\",\"@id\":\"http:\\\/\\\/4.184.192.234\\\/ke-stazeni\\\/#breadcrumb\",\"itemListElement\":[{\"@type\":\"ListItem\",\"position\":1,\"name\":\"Home\",\"item\":\"http:\\\/\\\/4.184.192.234\\\/\"},{\"@type\":\"ListItem\",\"position\":2,\"name\":\"Ke sta\u017een\u00ed\"}]},{\"@type\":\"WebSite\",\"@id\":\"http:\\\/\\\/4.184.192.234\\\/#website\",\"url\":\"http:\\\/\\\/4.184.192.234\\\/\",\"name\":\"ORBIT | create IT your own way\",\"description\":\"ORBIT | create IT your own way\",\"publisher\":{\"@id\":\"http:\\\/\\\/4.184.192.234\\\/#organization\"},\"potentialAction\":[{\"@type\":\"SearchAction\",\"target\":{\"@type\":\"EntryPoint\",\"urlTemplate\":\"http:\\\/\\\/4.184.192.234\\\/?s={search_term_string}\"},\"query-input\":{\"@type\":\"PropertyValueSpecification\",\"valueRequired\":true,\"valueName\":\"search_term_string\"}}],\"inLanguage\":\"en-GB\"},{\"@type\":\"Organization\",\"@id\":\"http:\\\/\\\/4.184.192.234\\\/#organization\",\"name\":\"ORBIT s.r.o.\",\"url\":\"http:\\\/\\\/4.184.192.234\\\/\",\"logo\":{\"@type\":\"ImageObject\",\"inLanguage\":\"en-GB\",\"@id\":\"http:\\\/\\\/4.184.192.234\\\/#\\\/schema\\\/logo\\\/image\\\/\",\"url\":\"http:\\\/\\\/4.184.192.234\\\/wp-content\\\/uploads\\\/2020\\\/11\\\/logoslogan-01.png\",\"contentUrl\":\"http:\\\/\\\/4.184.192.234\\\/wp-content\\\/uploads\\\/2020\\\/11\\\/logoslogan-01.png\",\"width\":1417,\"height\":829,\"caption\":\"ORBIT s.r.o.\"},\"image\":{\"@id\":\"http:\\\/\\\/4.184.192.234\\\/#\\\/schema\\\/logo\\\/image\\\/\"},\"sameAs\":[\"https:\\\/\\\/www.linkedin.com\\\/company\\\/orbit\\\/\"]}]}<\/script>\n<!-- \/ Yoast SEO plugin. -->","yoast_head_json":{"title":"Download | ORBIT","description":"Personal Data Terms and Conditions | Discover 365 Terms and Conditions | Microsoft CSP Terms and Conditions | Company Policy","robots":{"index":"index","follow":"follow","max-snippet":"max-snippet:-1","max-image-preview":"max-image-preview:large","max-video-preview":"max-video-preview:-1"},"canonical":"http:\/\/4.184.192.234\/en\/ke-stazeni\/","og_locale":"en_GB","og_type":"article","og_title":"Ke sta\u017een\u00ed | ORBIT","og_description":"GDPR, obchodn\u00ed podm\u00ednky, politika spole\u010dnosti aj.","og_url":"http:\/\/4.184.192.234\/en\/ke-stazeni\/","og_site_name":"ORBIT | create IT your own way","article_modified_time":"2024-06-20T15:29:19+00:00","og_image":[{"width":1600,"height":1000,"url":"http:\/\/4.184.192.234\/wp-content\/uploads\/2024\/06\/Discover365.jpg","type":"image\/jpeg"}],"twitter_card":"summary_large_image","twitter_title":"Ke sta\u017een\u00ed | ORBIT","twitter_description":"GDPR, obchodn\u00ed podm\u00ednky, politika spole\u010dnosti aj.","twitter_image":"http:\/\/4.184.192.234\/wp-content\/uploads\/2024\/06\/Discover365.jpg","twitter_misc":{"Estimated reading time":"1 minute"},"schema":{"@context":"https:\/\/schema.org","@graph":[{"@type":"WebPage","@id":"http:\/\/4.184.192.234\/ke-stazeni\/","url":"http:\/\/4.184.192.234\/ke-stazeni\/","name":"Download | ORBIT","isPartOf":{"@id":"http:\/\/4.184.192.234\/#website"},"primaryImageOfPage":{"@id":"http:\/\/4.184.192.234\/ke-stazeni\/#primaryimage"},"image":{"@id":"http:\/\/4.184.192.234\/ke-stazeni\/#primaryimage"},"thumbnailUrl":"http:\/\/4.184.192.234\/wp-content\/uploads\/2024\/06\/Discover365.jpg","datePublished":"2022-03-02T13:42:42+00:00","dateModified":"2024-06-20T15:29:19+00:00","description":"Personal Data Terms and Conditions | Discover 365 Terms and Conditions | Microsoft CSP Terms and Conditions | Company Policy","breadcrumb":{"@id":"http:\/\/4.184.192.234\/ke-stazeni\/#breadcrumb"},"inLanguage":"en-GB","potentialAction":[{"@type":"ReadAction","target":["http:\/\/4.184.192.234\/ke-stazeni\/"]}]},{"@type":"ImageObject","inLanguage":"en-GB","@id":"http:\/\/4.184.192.234\/ke-stazeni\/#primaryimage","url":"http:\/\/4.184.192.234\/wp-content\/uploads\/2024\/06\/Discover365.jpg","contentUrl":"http:\/\/4.184.192.234\/wp-content\/uploads\/2024\/06\/Discover365.jpg","width":1600,"height":1000,"caption":"Ke sta\u017een\u00ed | ORBIT"},{"@type":"BreadcrumbList","@id":"http:\/\/4.184.192.234\/ke-stazeni\/#breadcrumb","itemListElement":[{"@type":"ListItem","position":1,"name":"Home","item":"http:\/\/4.184.192.234\/"},{"@type":"ListItem","position":2,"name":"Ke sta\u017een\u00ed"}]},{"@type":"WebSite","@id":"http:\/\/4.184.192.234\/#website","url":"http:\/\/4.184.192.234\/","name":"ORBIT | create IT your own way","description":"ORBIT | create IT your own way","publisher":{"@id":"http:\/\/4.184.192.234\/#organization"},"potentialAction":[{"@type":"SearchAction","target":{"@type":"EntryPoint","urlTemplate":"http:\/\/4.184.192.234\/?s={search_term_string}"},"query-input":{"@type":"PropertyValueSpecification","valueRequired":true,"valueName":"search_term_string"}}],"inLanguage":"en-GB"},{"@type":"Organization","@id":"http:\/\/4.184.192.234\/#organization","name":"ORBIT s.r.o.","url":"http:\/\/4.184.192.234\/","logo":{"@type":"ImageObject","inLanguage":"en-GB","@id":"http:\/\/4.184.192.234\/#\/schema\/logo\/image\/","url":"http:\/\/4.184.192.234\/wp-content\/uploads\/2020\/11\/logoslogan-01.png","contentUrl":"http:\/\/4.184.192.234\/wp-content\/uploads\/2020\/11\/logoslogan-01.png","width":1417,"height":829,"caption":"ORBIT s.r.o."},"image":{"@id":"http:\/\/4.184.192.234\/#\/schema\/logo\/image\/"},"sameAs":["https:\/\/www.linkedin.com\/company\/orbit\/"]}]}},"taxonomy_info":[],"featured_image_src_large":["http:\/\/4.184.192.234\/wp-content\/uploads\/2024\/06\/Discover365-1024x640.jpg",1024,640,true],"author_info":{"display_name":"Vincent Kov\u00e1\u0159","author_link":"http:\/\/4.184.192.234\/en\/author\/4b80c90d75188f6a\/"},"comment_info":0,"_links":{"self":[{"href":"http:\/\/4.184.192.234\/en\/wp-json\/wp\/v2\/pages\/11383","targetHints":{"allow":["GET"]}}],"collection":[{"href":"http:\/\/4.184.192.234\/en\/wp-json\/wp\/v2\/pages"}],"about":[{"href":"http:\/\/4.184.192.234\/en\/wp-json\/wp\/v2\/types\/page"}],"author":[{"embeddable":true,"href":"http:\/\/4.184.192.234\/en\/wp-json\/wp\/v2\/users\/7"}],"replies":[{"embeddable":true,"href":"http:\/\/4.184.192.234\/en\/wp-json\/wp\/v2\/comments?post=11383"}],"version-history":[{"count":0,"href":"http:\/\/4.184.192.234\/en\/wp-json\/wp\/v2\/pages\/11383\/revisions"}],"wp:featuredmedia":[{"embeddable":true,"href":"http:\/\/4.184.192.234\/en\/wp-json\/wp\/v2\/media\/20382"}],"wp:attachment":[{"href":"http:\/\/4.184.192.234\/en\/wp-json\/wp\/v2\/media?parent=11383"}],"wp:term":[{"taxonomy":"klic_citace","embeddable":true,"href":"http:\/\/4.184.192.234\/en\/wp-json\/wp\/v2\/klic_citace?post=11383"}],"curies":[{"name":"wp","href":"https:\/\/api.w.org\/{rel}","templated":true}]}}